{"id":2392,"date":"2015-05-01T16:52:05","date_gmt":"2015-05-01T20:52:05","guid":{"rendered":"https:\/\/cmv.whelkdev.ca\/?page_id=2392"},"modified":"2020-09-16T14:47:33","modified_gmt":"2020-09-16T18:47:33","slug":"science-committee","status":"publish","type":"page","link":"https:\/\/cmv-educare.com\/en\/chair\/science-committee\/","title":{"rendered":"Science Committee"},"content":{"rendered":"<p class=\"bold\">The science committee is the Chair\u2019s consultative authority; its members are<br \/>\nCanadian and foreign researchers, professors, consultants and practitioners involved<br \/>\nin applied research in the field of correctional education. This committee helps the<br \/>\nSteering Committee attain the Chair\u2019s objectives.<\/p>\n<p>Its role is to:<\/p>\n<ul>\n<li>suggest directions for research and training activities;<\/li>\n<li>advise and make recommendations;<\/li>\n<li>participate in the development of the documentation centre;<\/li>\n<li>contribute to the Chair\u2019s influence in national and international networks.<\/li>\n<\/ul>\n<p>At the Chair holder\u2019s request, this committee meets (virtually or physically) as need be, upon being convened by its chairperson.<\/p>\n<p>Committee members have a renewable three-year mandate.<\/p>\n<h3>Chairperson of the Science Committee &#8211; Paul B\u00e9langer, Ph D (Canada)<\/h3>\n<p><a href=\"https:\/\/cmv-educare.com\/wp-content\/uploads\/2012\/03\/photoBelanger2.jpg\"><img loading=\"lazy\" decoding=\"async\" title=\"photoBelanger2\" src=\"https:\/\/cmv-educare.com\/wp-content\/uploads\/2012\/03\/photoBelanger2-300x164.jpg\" alt=\"\" width=\"300\" height=\"164\" \/><\/a><\/p>\n<p>Professor in UQAM\u2019s Faculty of education and director of CIRDEP, the university\u2019s centre for interdisciplinary research on continuing education.<\/p>\n<p>The chairperson, in conjunction with the other members, assumes all Science<br \/>\nCommittee responsibilities and must:<\/p>\n<ul>\n<li>lead committee meetings;<\/li>\n<li>maintain regular contact with the Chair holder in order to immediately receive information about any extraordinary situation requiring a special committee meeting.<\/li>\n<li>approve the strategic direction, action plan, working lines and annual reports.<\/li>\n<\/ul>\n<p>Former director of the Institut canadien d\u2019\u00e9ducation des adultes (1972-1984) and the Institut de recherche appliqu\u00e9e sur le travail (1988-1989), Paul B\u00e9langer was director of the UNESCO Institute for Education in Hamburg from 1989 to 2000. Since then, he has been a professor on the Education Faculty at the Universit\u00e9 du Qu\u00e9bec \u00e0 Montr\u00e9al and director of CIRDEP, the university&#8217;s centre for interdisciplinary research on continuing education.<br \/>\nPaul B\u00e9langer earned a doctorate from the Sorbonne in 1976 and received an honorary doctorate from the University of Surrey (England) in 1998. That same year, he won the Coemius Medal from IESVA, the International and European Symposium on Voluntary Associations, which was held in Budapest.<\/p>\n<p><strong>M. Brian A. Grant, Ph D (Canada)<\/strong><\/p>\n<p><strong><a href=\"https:\/\/cmv-educare.com\/wp-content\/uploads\/2012\/02\/Unesco-Dr.-Grants-workshop-2-2.jpg\"><img loading=\"lazy\" decoding=\"async\" title=\"Unesco Dr. Grant's workshop 2 (2)\" src=\"https:\/\/cmv-educare.com\/wp-content\/uploads\/2012\/02\/Unesco-Dr.-Grants-workshop-2-2-300x229.jpg\" alt=\"\" width=\"300\" height=\"229\" \/><\/a>\u00a0<\/strong><\/p>\n<p>Director general,\u00a0 Research Branch,\u00a0Correctionnal Service Canada<br \/>\n<a href=\"https:\/\/cmv-educare.com\/wp-content\/uploads\/2012\/02\/VITAE2012-Feb-home.docx\">Curriculum vitae &#8211; Brian A. Grant<\/a><\/p>\n<p><strong>Mme Genevi\u00e8ve Perreault (Canada)<\/strong><\/p>\n<p><a href=\"https:\/\/cmv-educare.com\/wp-content\/uploads\/2020\/04\/thumbnail_image009.png\"><img loading=\"lazy\" decoding=\"async\" class=\"alignnone size-medium wp-image-3398\" src=\"https:\/\/cmv-educare.com\/wp-content\/uploads\/2020\/04\/thumbnail_image009-300x292.png\" alt=\"\" width=\"300\" height=\"292\" srcset=\"https:\/\/cmv-educare.com\/wp-content\/uploads\/2020\/04\/thumbnail_image009-300x292.png 300w, https:\/\/cmv-educare.com\/wp-content\/uploads\/2020\/04\/thumbnail_image009.png 536w\" sizes=\"auto, (max-width: 300px) 100vw, 300px\" \/><\/a><\/p>\n<p>Masters and doctoral course work in sociology,\u00a0University of Quebec at\u00a0Montreal\u00a0(Canada), Professor of Sociology,\u00a0C\u00e9gep Marie-Victorin.\u00a0Researcher, UNESCO Chair in Applied Research\u00a0for\u00a0prison education.<\/p>\n<p><strong>M. Robert Hill, Ph D (United States of America)<\/strong><\/p>\n<p><a href=\"https:\/\/cmv-educare.com\/wp-content\/uploads\/2011\/11\/Misc-158_2.jpeg\"><img loading=\"lazy\" decoding=\"async\" title=\"Misc 158_2\" src=\"https:\/\/cmv-educare.com\/wp-content\/uploads\/2011\/11\/Misc-158_2-239x300.jpg\" alt=\"\" width=\"239\" height=\"300\" \/><\/a><\/p>\n<p>The University of Georgia, Department of Lifelong Education and Policy<br \/>\n<a href=\"https:\/\/cmv-educare.com\/wp-content\/uploads\/2011\/11\/Hill_R_J_Vita_UNESCO-Chair-Website.pdf\">Curriculum vitae &#8211; Robert Hill<\/a><\/p>\n<p><strong>M. Stephen J. Steurer, Ph D (United States of America)<\/strong><\/p>\n<p><a href=\"https:\/\/cmv-educare.com\/wp-content\/uploads\/2011\/06\/Steve-pic-full.jpg\"><img loading=\"lazy\" decoding=\"async\" title=\"Steve-pic-full\" src=\"https:\/\/cmv-educare.com\/wp-content\/uploads\/2011\/06\/Steve-pic-full-218x300.jpg\" alt=\"\" width=\"218\" height=\"300\" \/><\/a><\/p>\n<p>Executive Director, Correctional Education Association (CEA)<br \/>\n<a href=\"https:\/\/cmv-educare.com\/wp-content\/uploads\/2011\/11\/Stephen-Joseph-Steurer-Bio-09-2011.docx\">Curriculum vitae &#8211; Stephen Joseph Steurer<\/a><\/p>\n<p><strong>M. Hugo Rangel, Ph D (Mexico)<\/strong><\/p>\n<p><a href=\"https:\/\/cmv-educare.com\/wp-content\/uploads\/2011\/11\/Photo-on-2010-06-11-at-14.57.jpg\"><img loading=\"lazy\" decoding=\"async\" title=\"Photo on 2010-06-11 at 14.57\" src=\"https:\/\/cmv-educare.com\/wp-content\/uploads\/2011\/11\/Photo-on-2010-06-11-at-14.57-300x225.jpg\" alt=\"\" width=\"300\" height=\"225\" \/><\/a><\/p>\n<p>Post-doctoral\u00a0researcher and member\u00a0of\u00a0Consultative council\u00a0of\u00a0\u00a0the Universidad Autonoma de la Ciudad de Mexico<br \/>\n<a href=\"https:\/\/cmv-educare.com\/wp-content\/uploads\/2011\/11\/cv09fr.doc\">Curriculum vitae &#8211; Hugo Rangel T. <\/a><\/p>\n<p><strong>M. Sergio Haddad (Brazil)<\/strong><\/p>\n<p><a href=\"https:\/\/cmv-educare.com\/wp-content\/uploads\/2011\/06\/RevIdealComunitario-59E644.jpg\"><img loading=\"lazy\" decoding=\"async\" title=\"Revista Ideal Comunit\u00c3\u00a1rio - S\u00c3\u00a9rgio Haddad - ONG A\u00c3\u00a7\u00c3\u00a3o Comunit\" src=\"https:\/\/cmv-educare.com\/wp-content\/uploads\/2011\/06\/RevIdealComunitario-59E644-300x199.jpg\" alt=\"\" width=\"300\" height=\"199\" \/><\/a><\/p>\n<p>Coordinator General, ACAO Educativa<br \/>\n<a href=\"https:\/\/cmv-educare.com\/wp-content\/uploads\/2011\/11\/Brief-CV-eng-2010.doc\">Curriculum vitae &#8211; Sergio Haddad<\/a><\/p>\n<p><strong>M. Francisco Jos\u00e9 Scarfo\u00a0(Argentine)<\/strong><\/p>\n<p><a href=\"https:\/\/cmv-educare.com\/wp-content\/uploads\/2012\/01\/imagenes.jpg\"><img loading=\"lazy\" decoding=\"async\" title=\"imagenes\" src=\"https:\/\/cmv-educare.com\/wp-content\/uploads\/2012\/01\/imagenes.jpg\" alt=\"\" width=\"243\" height=\"161\" \/><\/a><\/p>\n<p>Pr\u00e9sident,\u00a0G.E.S.E.C. Grupo de Estudio Sobre Educacion en Carceles, facultad de trabajo Social, UNLP, Prov. de Buenos Aires.<br \/>\n<a href=\"https:\/\/cmv-educare.com\/wp-content\/uploads\/2012\/02\/CV_Lic_Scarf\u00f3_compl_jfm1.doc\">Curriculum vitae &#8211; Francisco Jos\u00e9 Scarfo<\/a><\/p>\n<p><strong>M. Alan Tuckett (United Kingdom)<\/strong><\/p>\n<p><a href=\"https:\/\/cmv-educare.com\/wp-content\/uploads\/2012\/02\/alan-tuckett-blog-photo1.jpg\"><img loading=\"lazy\" decoding=\"async\" title=\"alan-tuckett-blog-photo1\" src=\"https:\/\/cmv-educare.com\/wp-content\/uploads\/2012\/02\/alan-tuckett-blog-photo1.jpg\" alt=\"\" width=\"150\" height=\"202\" \/><\/a><\/p>\n<p>Director, National Institute of Adult Education (NIACE), President, Internation Council of Adult Education (ICAE)<\/p>\n<p><strong>M. Joseph Giordmaina (Malta)<\/strong><\/p>\n<p><a href=\"https:\/\/cmv-educare.com\/wp-content\/uploads\/2012\/10\/joseph-giordmaina1.jpg\"><img loading=\"lazy\" decoding=\"async\" title=\"joseph-giordmaina[1]\" src=\"https:\/\/cmv-educare.com\/wp-content\/uploads\/2012\/10\/joseph-giordmaina1.jpg\" alt=\"\" width=\"100\" height=\"100\" \/><\/a><\/p>\n<p>Lecturer at the University of Malta and is responsible for Malta branch of the European Association of Prison Education\u00a0(EPEA-Malta Branch)<br \/>\n<a href=\"https:\/\/cmv-educare.com\/wp-content\/uploads\/2012\/10\/Complete-JG-CV-2012-1.doc\">Curriculum vitae &#8211; Joseph Giordmaina<\/a><\/p>\n<p><strong>M. Azzeddine Belmahi (Morocco)<br \/>\n<\/strong><a href=\"https:\/\/cmv-educare.com\/wp-content\/uploads\/2012\/10\/Curriculum-Vitae-1.docx\"><img loading=\"lazy\" decoding=\"async\" title=\"Photo_A_Belmahi \" src=\"https:\/\/cmv-educare.com\/wp-content\/uploads\/2012\/10\/1ngr5ctzux070-1.jpeg\" alt=\"\" width=\"143\" height=\"166\" \/><\/a><\/p>\n<p>Coordinator and member of the Board of Directors of the Mohammed VI Foundation for the Reintegration of Prisoners<br \/>\n<a href=\"https:\/\/cmv-educare.com\/wp-content\/uploads\/2012\/10\/Curriculum-Vitae-1.docx\">Curriculum vitae_Azzeddine_Belmahi.docx<\/a><\/p>\n<p><strong>M. Oumar Ndongo, Ph D (S\u00e9n\u00e9gal)<\/strong><\/p>\n<p><a href=\"https:\/\/cmv-educare.com\/wp-content\/uploads\/2011\/06\/16112011432.jpg\"><img loading=\"lazy\" decoding=\"async\" title=\"16112011432\" src=\"https:\/\/cmv-educare.com\/wp-content\/uploads\/2011\/06\/16112011432-225x300.jpg\" alt=\"\" width=\"225\" height=\"300\" \/><\/a><\/p>\n<p>Universit\u00e9 Cheikh Anta Diop, Secr\u00e9taire g\u00e9n\u00e9ral du forum des organisations de la soci\u00e9t\u00e9 civile de l\u2019Afrique de l\u2019ouest (FOSCAO)<\/p>\n<p><strong>Mme Shirley Walters, Ph D (R\u00e9public of South Africa)<\/strong><\/p>\n<p><a href=\"https:\/\/cmv-educare.com\/wp-content\/uploads\/2011\/11\/shirley.jpg\"><img loading=\"lazy\" decoding=\"async\" title=\"shirley\" src=\"https:\/\/cmv-educare.com\/wp-content\/uploads\/2011\/11\/shirley-300x211.jpg\" alt=\"\" width=\"300\" height=\"211\" \/><\/a><br \/>\nDirector, Division for Lifelong Learning, University of the Western cape<br \/>\n<a href=\"https:\/\/cmv-educare.com\/wp-content\/uploads\/2011\/11\/CV-Walters-updated11.doc\">Curriculum vitae &#8211; Shirley Walters<\/a><\/p>\n<p><strong>Monsieur Joe Graffam, Ph D (Australia)<\/strong><\/p>\n<p><a href=\"https:\/\/cmv-educare.com\/wp-content\/uploads\/2011\/06\/JoeGraffam7X50.jpg\"><img loading=\"lazy\" decoding=\"async\" title=\"JoeGraffam7X50\" src=\"https:\/\/cmv-educare.com\/wp-content\/uploads\/2011\/06\/JoeGraffam7X50-200x300.jpg\" alt=\"\" width=\"200\" height=\"300\" \/><\/a><\/p>\n<p>Provice-chancelier, Deputy Dean of the Faculty and Head of the School of Psychology, The Deakin University<br \/>\nResearcher on the executive of the Australasian Correctional Education Association (ACEA)<br \/>\n<a href=\"https:\/\/cmv-educare.com\/wp-content\/uploads\/2011\/11\/Prof-J-Graffams-CV-November-2011.docx\">Curriculum vitae &#8211; Prof J Graffam<\/a><\/p>\n<p><strong>Other membres\u00a0will\u00a0join the scientific comitee very soon.<\/strong><\/p>\n","protected":false},"excerpt":{"rendered":"<p>The science committee is the Chair\u2019s consultative authority; its members are Canadian and foreign researchers, professors, consultants and practitioners involved in applied research in the field of correctional education. This committee helps the Steering Committee attain the Chair\u2019s objectives. Its role is to: suggest directions for research and training activities; advise and make recommendations; participate&#8230;<\/p>\n","protected":false},"author":7,"featured_media":0,"parent":1919,"menu_order":24,"comment_status":"open","ping_status":"closed","template":"subpages.php","meta":{"_acf_changed":false,"footnotes":""},"class_list":["post-2392","page","type-page","status-publish","hentry"],"acf":[],"_links":{"self":[{"href":"https:\/\/cmv-educare.com\/en\/wp-json\/wp\/v2\/pages\/2392","targetHints":{"allow":["GET"]}}],"collection":[{"href":"https:\/\/cmv-educare.com\/en\/wp-json\/wp\/v2\/pages"}],"about":[{"href":"https:\/\/cmv-educare.com\/en\/wp-json\/wp\/v2\/types\/page"}],"author":[{"embeddable":true,"href":"https:\/\/cmv-educare.com\/en\/wp-json\/wp\/v2\/users\/7"}],"replies":[{"embeddable":true,"href":"https:\/\/cmv-educare.com\/en\/wp-json\/wp\/v2\/comments?post=2392"}],"version-history":[{"count":2,"href":"https:\/\/cmv-educare.com\/en\/wp-json\/wp\/v2\/pages\/2392\/revisions"}],"predecessor-version":[{"id":3421,"href":"https:\/\/cmv-educare.com\/en\/wp-json\/wp\/v2\/pages\/2392\/revisions\/3421"}],"up":[{"embeddable":true,"href":"https:\/\/cmv-educare.com\/en\/wp-json\/wp\/v2\/pages\/1919"}],"wp:attachment":[{"href":"https:\/\/cmv-educare.com\/en\/wp-json\/wp\/v2\/media?parent=2392"}],"curies":[{"name":"wp","href":"https:\/\/api.w.org\/{rel}","templated":true}]}}