{"id":2252,"date":"2011-06-06T10:38:35","date_gmt":"2011-06-06T14:38:35","guid":{"rendered":"https:\/\/cmv.whelkdev.ca\/contacts-2\/"},"modified":"2023-10-11T11:12:07","modified_gmt":"2023-10-11T15:12:07","slug":"contact","status":"publish","type":"page","link":"https:\/\/cmv-educare.com\/en\/contact\/","title":{"rendered":"Contact"},"content":{"rendered":"<div id=\"contact_info\">\n<h3>Postal Address<\/h3>\n<p>C\u00e9gep Marie-Victorin<br \/>\n7000, rue Marie-Victorin<br \/>\nMontr\u00e9al (Qu\u00e9bec) Canada<br \/>\nH1G 2J6<\/p>\n<div id=\"contact_info_left\">\n<h3>Phone<\/h3>\n<ul>\n<li>514-325-0150 # 2120<\/li>\n<\/ul>\n<h3>Email<\/h3>\n<ul>\n<li><a href=\"mailto:educare@collegemv.qc.ca\">educare@collegemv.qc.ca<\/a><\/li>\n<\/ul>\n<\/div>\n<div id=\"contact_info_right\">\n<h3>Fr\u00e9d\u00e9rick Armstrong<\/h3>\n<ul>\n<li>Co-chair in research<\/li>\n<li>Email : <a href=\"mailto:frederick.armstrong@collegemv.qc.ca\">frederick.armstrong@collegemv.qc.ca<\/a><\/li>\n<li>Phone : 514-325-0150 # 2120<\/li>\n<\/ul>\n<h3>Marc-Andr\u00e9 Lacelle<\/h3>\n<ul>\n<li>Development and research advisor<\/li>\n<li>Email : <a href=\"mailto:frederick.armstrong@collegemv.qc.ca\">marc-andre.lacelle@collegemv.qc.ca<\/a><\/li>\n<li>Phone : 514-325-0150 # 2077<\/li>\n<\/ul>\n<h3>Camille Trembley<\/h3>\n<ul>\n<li>Email : <a href=\"mailto:frederick.armstrong@collegemv.qc.ca\">camille.trembley@collegemv.qc.ca<\/a><\/li>\n<\/ul>\n<\/div>\n<\/div>\n<div id=\"contact_map\">\n<p><iframe loading=\"lazy\" src=\"http:\/\/maps.google.ca\/maps?oe=utf-8&amp;client=firefox-a&amp;ie=UTF8&amp;q=C%C3%A9gep+Marie-Victorin+7000,+rue+Marie-Victorin+Montr%C3%A9al+(Qu%C3%A9bec)+Canada+H1G+2J6&amp;fb=1&amp;gl=ca&amp;hq=C%C3%A9gep+Marie-Victorin&amp;hnear=0x4cc91fb845be2467:0x896f0211c4f5a077,7000+Rue+Marie+Victorin,+Montr%C3%A9al-Nord,+QC+H1G+3K2&amp;cid=0,0,8027678083195792790&amp;ll=45.615798,-73.609405&amp;spn=0.006295,0.006295&amp;iwloc=near&amp;addr&amp;output=embed\" width=\"480\" height=\"310\" frameborder=\"0\" marginwidth=\"0\" marginheight=\"0\" scrolling=\"no\"><\/iframe><\/p>\n<\/div>\n","protected":false},"excerpt":{"rendered":"<p>Postal Address C\u00e9gep Marie-Victorin 7000, rue Marie-Victorin Montr\u00e9al (Qu\u00e9bec) Canada H1G 2J6 Phone 514-325-0150 # 2120 Email educare@collegemv.qc.ca Fr\u00e9d\u00e9rick Armstrong Co-chair in research Email : frederick.armstrong@collegemv.qc.ca Phone : 514-325-0150 # 2120 Marc-Andr\u00e9 Lacelle Development and research advisor Email : marc-andre.lacelle@collegemv.qc.ca Phone : 514-325-0150 # 2077 Camille Trembley Email : camille.trembley@collegemv.qc.ca<\/p>\n","protected":false},"author":7,"featured_media":0,"parent":0,"menu_order":42,"comment_status":"open","ping_status":"open","template":"","meta":{"_acf_changed":false,"footnotes":""},"class_list":["post-2252","page","type-page","status-publish","hentry"],"acf":[],"_links":{"self":[{"href":"https:\/\/cmv-educare.com\/en\/wp-json\/wp\/v2\/pages\/2252","targetHints":{"allow":["GET"]}}],"collection":[{"href":"https:\/\/cmv-educare.com\/en\/wp-json\/wp\/v2\/pages"}],"about":[{"href":"https:\/\/cmv-educare.com\/en\/wp-json\/wp\/v2\/types\/page"}],"author":[{"embeddable":true,"href":"https:\/\/cmv-educare.com\/en\/wp-json\/wp\/v2\/users\/7"}],"replies":[{"embeddable":true,"href":"https:\/\/cmv-educare.com\/en\/wp-json\/wp\/v2\/comments?post=2252"}],"version-history":[{"count":16,"href":"https:\/\/cmv-educare.com\/en\/wp-json\/wp\/v2\/pages\/2252\/revisions"}],"predecessor-version":[{"id":6064,"href":"https:\/\/cmv-educare.com\/en\/wp-json\/wp\/v2\/pages\/2252\/revisions\/6064"}],"wp:attachment":[{"href":"https:\/\/cmv-educare.com\/en\/wp-json\/wp\/v2\/media?parent=2252"}],"curies":[{"name":"wp","href":"https:\/\/api.w.org\/{rel}","templated":true}]}}