{"id":2080,"date":"2012-06-08T10:33:08","date_gmt":"2012-06-08T14:33:08","guid":{"rendered":"https:\/\/cmv.whelkdev.ca\/centre-de-documentation\/revues\/"},"modified":"2020-06-09T13:03:41","modified_gmt":"2020-06-09T17:03:41","slug":"journals-and-periodicals","status":"publish","type":"page","link":"https:\/\/cmv-educare.com\/en\/reference-center\/journals-and-periodicals\/","title":{"rendered":"Journals and periodicals"},"content":{"rendered":"<p><a href=\"http:\/\/www.ceanational.org\/Journal\/\" target=\"_blank\" rel=\"noopener\"><em>Journal of Correctional Education<\/em>,<\/a> Correctional Education Association (CEA), Ashland University, Ohio, \u00c9tats-Unis.<\/p>\n<p><a href=\"https:\/\/jper.uib.no\/jper\/index\" target=\"_blank\" rel=\"noopener\">Journal of Prison Education and Reentry<\/a><\/p>\n<p><a href=\"http:\/\/www.uil.unesco.org\/fr\/system\/files\/nexusvol10no4fr.pdf\" target=\"_blank\" rel=\"noopener\">UNESCO Institute for Lifelong Learning Newsletter<\/a><\/p>\n<p><a href=\"http:\/\/www.gaps-education.org\/news-events\/gaps-bulletin\/\">Global Access to Postsecondary Education<\/a> Newsletter<\/p>\n<p><a href=\"https:\/\/societecrimino.qc.ca\/rev\/rev.php\"><em>Ressources et vous<\/em>, Soci\u00e9t\u00e9 de criminologie du Qu\u00e9bec<\/a><\/p>\n<p><em><a href=\"http:\/\/www.ciep.fr\/revue-internationale-deducation-sevres\" target=\"_blank\" rel=\"noopener\">Revue internationale de l\u2019\u00e9ducation<\/a><\/em><\/p>\n<p><a href=\"http:\/\/www.unafei.or.jp\/english\/pages\/Pubnewsletter.htm\" target=\"_blank\" rel=\"noopener\">UNAFEI Newsletter <\/a><\/p>\n<p>&nbsp;<\/p>\n","protected":false},"excerpt":{"rendered":"<p>Journal of Correctional Education, Correctional Education Association (CEA), Ashland University, Ohio, \u00c9tats-Unis. Journal of Prison Education and Reentry UNESCO Institute for Lifelong Learning Newsletter Global Access to Postsecondary Education Newsletter Ressources et vous, Soci\u00e9t\u00e9 de criminologie du Qu\u00e9bec Revue internationale de l\u2019\u00e9ducation UNAFEI Newsletter &nbsp;<\/p>\n","protected":false},"author":7,"featured_media":0,"parent":2447,"menu_order":95,"comment_status":"open","ping_status":"closed","template":"subpages.php","meta":{"_acf_changed":false,"footnotes":""},"class_list":["post-2080","page","type-page","status-publish","hentry"],"acf":[],"_links":{"self":[{"href":"https:\/\/cmv-educare.com\/en\/wp-json\/wp\/v2\/pages\/2080","targetHints":{"allow":["GET"]}}],"collection":[{"href":"https:\/\/cmv-educare.com\/en\/wp-json\/wp\/v2\/pages"}],"about":[{"href":"https:\/\/cmv-educare.com\/en\/wp-json\/wp\/v2\/types\/page"}],"author":[{"embeddable":true,"href":"https:\/\/cmv-educare.com\/en\/wp-json\/wp\/v2\/users\/7"}],"replies":[{"embeddable":true,"href":"https:\/\/cmv-educare.com\/en\/wp-json\/wp\/v2\/comments?post=2080"}],"version-history":[{"count":9,"href":"https:\/\/cmv-educare.com\/en\/wp-json\/wp\/v2\/pages\/2080\/revisions"}],"predecessor-version":[{"id":3485,"href":"https:\/\/cmv-educare.com\/en\/wp-json\/wp\/v2\/pages\/2080\/revisions\/3485"}],"up":[{"embeddable":true,"href":"https:\/\/cmv-educare.com\/en\/wp-json\/wp\/v2\/pages\/2447"}],"wp:attachment":[{"href":"https:\/\/cmv-educare.com\/en\/wp-json\/wp\/v2\/media?parent=2080"}],"curies":[{"name":"wp","href":"https:\/\/api.w.org\/{rel}","templated":true}]}}